{"id":371,"date":"2017-02-17T06:48:45","date_gmt":"2017-02-17T12:48:45","guid":{"rendered":"http:\/\/elearningwp-2.elearningwp.thimpress.com\/?page_id=371"},"modified":"2026-02-24T08:50:32","modified_gmt":"2026-02-24T14:50:32","slug":"nuestros-instructores","status":"publish","type":"page","link":"https:\/\/ec.prysmianpro.com\/en\/nuestros-instructores\/","title":{"rendered":"Our instructors"},"content":{"rendered":"<div id=\"pl-371\"  class=\"panel-layout\" ><div id=\"pg-371-0\"  class=\"panel-grid panel-has-style\" ><div class=\"siteorigin-panels-stretch panel-row-style panel-row-style-for-371-0\" data-stretch-type=\"full-width-stretch\" ><div id=\"pgc-371-0-0\"  class=\"panel-grid-cell\" ><div id=\"panel-371-0-0-0\" class=\"so-panel widget widget_heading panel-first-child panel-last-child\" data-index=\"0\" ><div class=\"thim-widget-heading thim-widget-heading-base template-base\"><div class=\"sc_heading center\"><h2 style=\"color:#333;\" class=\"title\">Our instructors<\/h2><span class=\"line\"><\/span><\/div><\/div><\/div><\/div><\/div><\/div><div id=\"pg-371-1\"  class=\"panel-grid panel-no-style\" ><div id=\"pgc-371-1-0\"  class=\"panel-grid-cell\" ><div id=\"panel-371-1-0-0\" class=\"so-panel widget widget_empty-space panel-first-child panel-last-child\" data-index=\"1\" ><div class=\"thim-widget-empty-space thim-widget-empty-space-base template-base\"><div class=\"empty_space\" style=\"height:30px\"><\/div><\/div><\/div><\/div><\/div><div id=\"pg-371-2\"  class=\"panel-grid panel-no-style\" ><div id=\"pgc-371-2-0\"  class=\"panel-grid-cell\" ><div id=\"panel-371-2-0-0\" class=\"so-panel widget widget_media_image panel-first-child panel-last-child\" data-index=\"2\" ><img loading=\"lazy\" decoding=\"async\" width=\"716\" height=\"938\" src=\"https:\/\/ec.prysmianpro.com\/wp-content\/uploads\/2024\/09\/IMG_9305-Carlos-Blanco-S.png\" class=\"image wp-image-18048  attachment-full size-full\" alt=\"\" style=\"max-width: 100%; height: auto;\" srcset=\"https:\/\/ec.prysmianpro.com\/wp-content\/uploads\/2024\/09\/IMG_9305-Carlos-Blanco-S.png 716w, https:\/\/ec.prysmianpro.com\/wp-content\/uploads\/2024\/09\/IMG_9305-Carlos-Blanco-S-229x300.png 229w, https:\/\/ec.prysmianpro.com\/wp-content\/uploads\/2024\/09\/IMG_9305-Carlos-Blanco-S-9x12.png 9w, https:\/\/ec.prysmianpro.com\/wp-content\/uploads\/2024\/09\/IMG_9305-Carlos-Blanco-S-600x786.png 600w\" sizes=\"auto, (max-width: 716px) 100vw, 716px\" \/><\/div><\/div><div id=\"pgc-371-2-1\"  class=\"panel-grid-cell\" ><div id=\"panel-371-2-1-0\" class=\"so-panel widget widget_text panel-first-child panel-last-child\" data-index=\"3\" ><h3 class=\"widget-title\">Carlos Blanco<\/h3>\t\t\t<div class=\"textwidget\"><p>Experto en<\/p>\n<p>Ingeniero el\u00e9ctrico egresado de la universidad Distrital Francisco Jos\u00e9 de Caldas con m\u00e1s de 8 a\u00f1os de experiencia profesional. Inici\u00f3 c\u00f3mo ingeniero en dise\u00f1o, construcci\u00f3n y mantenimiento de instalaciones el\u00e9ctricas. Experiencia como ingeniero de producto y actualmente se desempe\u00f1a como ingeniero del \u00e1rea de investigaci\u00f3n y desarrollo para Prysmian Group Colombia y Ecuador.<\/p>\n<\/div>\n\t\t<\/div><\/div><div id=\"pgc-371-2-2\"  class=\"panel-grid-cell\" ><div id=\"panel-371-2-2-0\" class=\"so-panel widget widget_media_image panel-first-child panel-last-child\" data-index=\"4\" ><img loading=\"lazy\" decoding=\"async\" width=\"716\" height=\"938\" src=\"https:\/\/ec.prysmianpro.com\/wp-content\/uploads\/2020\/04\/Carlos-Ospina-S.png\" class=\"image wp-image-18054  attachment-full size-full\" alt=\"\" style=\"max-width: 100%; height: auto;\" srcset=\"https:\/\/ec.prysmianpro.com\/wp-content\/uploads\/2020\/04\/Carlos-Ospina-S.png 716w, https:\/\/ec.prysmianpro.com\/wp-content\/uploads\/2020\/04\/Carlos-Ospina-S-229x300.png 229w, https:\/\/ec.prysmianpro.com\/wp-content\/uploads\/2020\/04\/Carlos-Ospina-S-9x12.png 9w, https:\/\/ec.prysmianpro.com\/wp-content\/uploads\/2020\/04\/Carlos-Ospina-S-600x786.png 600w\" sizes=\"auto, (max-width: 716px) 100vw, 716px\" \/><\/div><\/div><div id=\"pgc-371-2-3\"  class=\"panel-grid-cell\" ><div id=\"panel-371-2-3-0\" class=\"so-panel widget widget_text panel-first-child panel-last-child\" data-index=\"5\" ><h3 class=\"widget-title\">Carlos Ospina<\/h3>\t\t\t<div class=\"textwidget\"><p>Experto en<\/p>\n<p>Ingeniero el\u00e9ctrico y Magister en Energ\u00edas Renovables de la Universidad Nacional de Santa en Argentina, con 20 a\u00f1os de experiencia en el sector de el\u00e9ctrico y de las energ\u00edas renovables. Pertenece a Prysmian Group hace m\u00e1s de 17 a\u00f1os aportando su conocimiento en las \u00e1reas de Desarrollo, Investigaci\u00f3n y Laboratorio de control de calidad generando valor, resultados y excelencia en cada uno de sus proyectos. Actualmente es Responsable de Research &amp; Development para Colombia y Ecuador.<\/p>\n<\/div>\n\t\t<\/div><\/div><\/div><div id=\"pg-371-3\"  class=\"panel-grid panel-no-style\" ><div id=\"pgc-371-3-0\"  class=\"panel-grid-cell\" ><div id=\"panel-371-3-0-0\" class=\"so-panel widget widget_media_image panel-first-child panel-last-child\" data-index=\"6\" ><img loading=\"lazy\" decoding=\"async\" width=\"1707\" height=\"2560\" src=\"https:\/\/ec.prysmianpro.com\/wp-content\/uploads\/2022\/03\/Ruben-Ceja-scaled.jpg\" class=\"image wp-image-16918  attachment-full size-full\" alt=\"\" style=\"max-width: 100%; height: auto;\" srcset=\"https:\/\/ec.prysmianpro.com\/wp-content\/uploads\/2022\/03\/Ruben-Ceja-scaled.jpg 1707w, https:\/\/ec.prysmianpro.com\/wp-content\/uploads\/2022\/03\/Ruben-Ceja-scaled-200x300.jpg 200w, https:\/\/ec.prysmianpro.com\/wp-content\/uploads\/2022\/03\/Ruben-Ceja-scaled-683x1024.jpg 683w, https:\/\/ec.prysmianpro.com\/wp-content\/uploads\/2022\/03\/Ruben-Ceja-768x1152.jpg 768w, https:\/\/ec.prysmianpro.com\/wp-content\/uploads\/2022\/03\/Ruben-Ceja-1024x1536.jpg 1024w, https:\/\/ec.prysmianpro.com\/wp-content\/uploads\/2022\/03\/Ruben-Ceja-1365x2048.jpg 1365w, https:\/\/ec.prysmianpro.com\/wp-content\/uploads\/2022\/03\/Ruben-Ceja-scaled-8x12.jpg 8w\" sizes=\"auto, (max-width: 1707px) 100vw, 1707px\" \/><\/div><\/div><div id=\"pgc-371-3-1\"  class=\"panel-grid-cell\" ><div id=\"panel-371-3-1-0\" class=\"so-panel widget widget_text panel-first-child panel-last-child\" data-index=\"7\" ><h3 class=\"widget-title\">Ing. Rub\u00e9n Ceja Madrigal<\/h3>\t\t\t<div class=\"textwidget\"><p style=\"font-weight: 400;\">Expert in telecommunications solutions.<\/p>\n<p style=\"font-weight: 400;\">Rub\u00e9n is an industrial engineer with more than 5 years of experience in the cable sector. In\nPrysmian Group, he has worked as Technical Sales Support in telecom, engineering,\ncommercial support, and virtual and on-site training for Mexico, Central America, and the\nCaribbean.<\/p>\n<\/div>\n\t\t<\/div><\/div><div id=\"pgc-371-3-2\"  class=\"panel-grid-cell panel-grid-cell-empty panel-grid-cell-mobile-last\" ><\/div><div id=\"pgc-371-3-3\"  class=\"panel-grid-cell panel-grid-cell-empty\" ><\/div><\/div><div id=\"pg-371-4\"  class=\"panel-grid panel-no-style\" ><div id=\"pgc-371-4-0\"  class=\"panel-grid-cell\" ><div id=\"panel-371-4-0-0\" class=\"so-panel widget widget_empty-space panel-first-child panel-last-child\" data-index=\"8\" ><div class=\"thim-widget-empty-space thim-widget-empty-space-base template-base\"><div class=\"empty_space\" style=\"height:30px\"><\/div><\/div><\/div><\/div><\/div><\/div>","protected":false},"excerpt":{"rendered":"<p>Nuestros InstructoresCarlos Blanco Experto en Ingeniero el\u00e9ctrico egresado de la universidad Distrital Francisco Jos\u00e9 de Caldas con m\u00e1s de 8 [&hellip;]<\/p>","protected":false},"author":1,"featured_media":0,"parent":0,"menu_order":0,"comment_status":"closed","ping_status":"closed","template":"","meta":{"_bbp_topic_count":0,"_bbp_reply_count":0,"_bbp_total_topic_count":0,"_bbp_total_reply_count":0,"_bbp_voice_count":0,"_bbp_anonymous_reply_count":0,"_bbp_topic_count_hidden":0,"_bbp_reply_count_hidden":0,"_bbp_forum_subforum_count":0,"om_disable_all_campaigns":false,"inline_featured_image":false,"_uf_show_specific_survey":0,"_uf_disable_surveys":false,"footnotes":""},"class_list":["post-371","page","type-page","status-publish","hentry"],"acf":[],"aioseo_notices":[],"_links":{"self":[{"href":"https:\/\/ec.prysmianpro.com\/en\/wp-json\/wp\/v2\/pages\/371","targetHints":{"allow":["GET"]}}],"collection":[{"href":"https:\/\/ec.prysmianpro.com\/en\/wp-json\/wp\/v2\/pages"}],"about":[{"href":"https:\/\/ec.prysmianpro.com\/en\/wp-json\/wp\/v2\/types\/page"}],"author":[{"embeddable":true,"href":"https:\/\/ec.prysmianpro.com\/en\/wp-json\/wp\/v2\/users\/1"}],"replies":[{"embeddable":true,"href":"https:\/\/ec.prysmianpro.com\/en\/wp-json\/wp\/v2\/comments?post=371"}],"version-history":[{"count":75,"href":"https:\/\/ec.prysmianpro.com\/en\/wp-json\/wp\/v2\/pages\/371\/revisions"}],"predecessor-version":[{"id":18657,"href":"https:\/\/ec.prysmianpro.com\/en\/wp-json\/wp\/v2\/pages\/371\/revisions\/18657"}],"wp:attachment":[{"href":"https:\/\/ec.prysmianpro.com\/en\/wp-json\/wp\/v2\/media?parent=371"}],"curies":[{"name":"wp","href":"https:\/\/api.w.org\/{rel}","templated":true}]}}