{"id":313,"date":"2017-02-15T08:27:19","date_gmt":"2017-02-15T08:27:19","guid":{"rendered":"http:\/\/elearningwp-2.elearningwp.thimpress.com\/?page_id=313"},"modified":"2023-08-11T11:23:03","modified_gmt":"2023-08-11T17:23:03","slug":"about-us","status":"publish","type":"page","link":"https:\/\/ec.prysmianpro.com\/en\/about-us\/","title":{"rendered":"About us"},"content":{"rendered":"<div id=\"pl-313\"  class=\"panel-layout\" ><div id=\"pg-313-0\"  class=\"panel-grid panel-has-style\" ><div class=\"siteorigin-panels-stretch panel-row-style panel-row-style-for-313-0\" data-stretch-type=\"full-stretched\" ><div id=\"pgc-313-0-0\"  class=\"panel-grid-cell\" ><div id=\"panel-313-0-0-0\" class=\"so-panel widget widget_empty-space panel-first-child\" data-index=\"0\" ><div class=\"thim-widget-empty-space thim-widget-empty-space-base template-base\"><div class=\"empty_space\" style=\"height:25px\"><\/div><\/div><\/div><div id=\"panel-313-0-0-1\" class=\"so-panel widget widget_heading panel-last-child\" data-index=\"1\" ><div class=\"thim-widget-heading thim-widget-heading-base template-base\"><div class=\"sc_heading center\"><h2 style=\"color:#333;\" class=\"title\">About Us<\/h2><span class=\"line\"><\/span><\/div><\/div><\/div><\/div><\/div><\/div><div id=\"pg-313-1\"  class=\"panel-grid panel-has-style\" ><div class=\"panel-row-style panel-row-style-for-313-1\" ><div id=\"pgc-313-1-0\"  class=\"panel-grid-cell\" ><div id=\"panel-313-1-0-0\" class=\"so-panel widget widget_single-images panel-first-child panel-last-child\" data-index=\"2\" ><div class=\"panel-widget-style panel-widget-style-for-313-1-0-0\" ><div class=\"thim-widget-single-images thim-widget-single-images-base template-base\"><div class=\"single-image left\"><img src =\"https:\/\/ec.prysmianpro.com\/wp-content\/uploads\/2017\/02\/about-img.jpg\" \/><\/div><\/div><\/div><\/div><\/div><div id=\"pgc-313-1-1\"  class=\"panel-grid-cell\" ><div id=\"panel-313-1-1-0\" class=\"so-panel widget widget_heading panel-first-child\" data-index=\"3\" ><div class=\"panel-widget-style panel-widget-style-for-313-1-1-0\" ><div class=\"thim-widget-heading thim-widget-heading-base template-base\"><div class=\"sc_heading left\"><h3 style=\"color:#2c3339;font-size:35px;font-weight:bold;font-style:inherit;\" class=\"title\">International reach, local expertise<\/h3><span style=\"background-color:#2c3339\" class=\"line\"><\/span><\/div><\/div><\/div><\/div><div id=\"panel-313-1-1-1\" class=\"so-panel widget widget_text\" data-index=\"4\" >\t\t\t<div class=\"textwidget\"><p>Somos un l\u00edder mundial innovador en cables y soluciones de energ\u00eda y adem\u00e1s contamos con una presencia mundial impresionante. Abarcando 50 pa\u00edses, 104 plantas, 25 centros de investigaci\u00f3n y desarrollo, y con aproximadamente 28,000 colaboradores. Tenemos una red de fabricas y centros de distribuci\u00f3n estrat\u00e9gicos que nos permiten brindar servicios a las comunidades y mercados emergentes de todo el mundo con facilidad. En Ecuador, hemos conectado el desarrollo del pa\u00eds por ya m\u00e1s de 60 a\u00f1os.<\/p>\n<\/div>\n\t\t<\/div><div id=\"panel-313-1-1-2\" class=\"so-panel widget widget_icon-box\" data-index=\"5\" ><div class=\"icon_box_4 panel-widget-style panel-widget-style-for-313-1-1-2\" ><div class=\"thim-widget-icon-box thim-widget-icon-box-base template-base\"><div class=\"wrapper-box-icon text-left\"  data-text-readmore=\"#fff\"><div class=\"smicon-box icon-left\"><div class=\"boxes-icon\" style=\"width: 60px;height: 60px;\"><span class=\"inner-icon\"><span class=\"icon\"><i class=\"fa fa-mortar-board\" style=\" font-size:24px; line-height:24px; vertical-align: middle;\"><\/i><\/span><\/span><\/div><div class=\"content-inner\"  style=\"width: calc( 100% - 60px - 15px);\"><div class=\"widget-title-icon-box\"><h3 class = \"icon-box-title\" style=\"font-size: 20px; line-height: 20px;font-weight: bold;margin-bottom: 0px;\"><a class=\"smicon-box-link\" href=\"\">Mission<\/a><\/h3><\/div><div class=\"desc-icon-box\"><p style=\"color: #777777;font-size: 16px;line-height: 23px;\">Ofrecemos a nuestros clientes soluciones superiores de cables basadas en tecnolog\u00eda de vanguardia y con una constante excelencia en su ejecuci\u00f3n para poder ofrecer un crecimiento y un beneficio sostenibles.\nNuestra s\u00f3lida reputaci\u00f3n en materia de rendimiento e innovaci\u00f3n nos permite ofrecer un crecimiento y un beneficio sostenibles. Pero no solo queremos ser una buena opci\u00f3n para hacer negocios. \nQueremos que nuestros clientes nos elijan. Por eso nos importan tanto los valores. \nLo que hacemos y nuestra forma de abordarlo son una oportunidad de demostrar nuestro orgullo en el trabajo que realizamos<\/p><\/div><\/div><\/div><!--end smicon-box--><\/div><\/div><\/div><\/div><div id=\"panel-313-1-1-3\" class=\"so-panel widget widget_icon-box\" data-index=\"6\" ><div class=\"icon_box_4 panel-widget-style panel-widget-style-for-313-1-1-3\" ><div class=\"thim-widget-icon-box thim-widget-icon-box-base template-base\"><div class=\"wrapper-box-icon text-left\"  data-text-readmore=\"#fff\"><div class=\"smicon-box icon-left\"><div class=\"boxes-icon\" style=\"width: 60px;height: 60px;\"><span class=\"inner-icon\"><span class=\"icon\"><i class=\"fa fa-lastfm\" style=\" font-size:24px; line-height:24px; vertical-align: middle;\"><\/i><\/span><\/span><\/div><div class=\"content-inner\"  style=\"width: calc( 100% - 60px - 15px);\"><div class=\"widget-title-icon-box\"><h3 class = \"icon-box-title\" style=\"font-size: 20px; line-height: 20px;font-weight: bold;margin-bottom: 0px;\"><a class=\"smicon-box-link\" href=\"\">Vision<\/a><\/h3><\/div><div class=\"desc-icon-box\"><p style=\"color: #777777;font-size: 16px;line-height: 23px;\">La energ\u00eda y la informaci\u00f3n ayudan al desarrollo de las comunidades. Por eso es tan importante que est\u00e9n siempre disponibles y que se suministren con eficacia. Con eficiencia. De forma sostenible. A cualquier cliente. En cualquier lugar. Por muy duro que sea el entorno en el que operan. Nos comprometemos a mantenerlos conectados. D\u00eda tras d\u00eda, tenemos la oportunidad de hacer realidad nuestra visi\u00f3n a trav\u00e9s de nuestras acciones. Lo que hacemos a diario, sin importar lo grande o peque\u00f1o que sea, se acumula a lo largo del tiempo y nos ayuda a llevar a cabo nuestra misi\u00f3n.<\/p><\/div><\/div><\/div><!--end smicon-box--><\/div><\/div><\/div><\/div><div id=\"panel-313-1-1-4\" class=\"so-panel widget widget_icon-box panel-last-child\" data-index=\"7\" ><div class=\"icon_box_4 last panel-widget-style panel-widget-style-for-313-1-1-4\" ><div class=\"thim-widget-icon-box thim-widget-icon-box-base template-base\"><div class=\"wrapper-box-icon text-left\"  data-text-readmore=\"#fff\"><div class=\"smicon-box icon-left\"><div class=\"boxes-icon\" style=\"width: 60px;height: 60px;\"><span class=\"inner-icon\"><span class=\"icon\"><i class=\"fa fa-trophy\" style=\" font-size:24px; line-height:24px; vertical-align: middle;\"><\/i><\/span><\/span><\/div><div class=\"content-inner\"  style=\"width: calc( 100% - 60px - 15px);\"><div class=\"widget-title-icon-box\"><h3 class = \"icon-box-title\" style=\"font-size: 20px; line-height: 20px;font-weight: bold;margin-bottom: 0px;\"><a class=\"smicon-box-link\" href=\"\">Values<\/a><\/h3><\/div><div class=\"desc-icon-box\"><p style=\"color: #777777;font-size: 16px;line-height: 23px;\">Nuestra fuerza de trabajo global es valorizada por su conocimiento, habilidades y experiencia. Cada uno de nosotros es \u00fanico, pero estamos unidos por nuestro impulso para tener \u00e9xito. Trabajando con valores compartidos para alcanzar nuestras metas juntos.<\/p><\/div><\/div><\/div><!--end smicon-box--><\/div><\/div><\/div><\/div><\/div><\/div><\/div><div id=\"pg-313-2\"  class=\"panel-grid panel-has-style\" ><div class=\"home2-style home2-gallery siteorigin-panels-stretch panel-row-style panel-row-style-for-313-2\" data-stretch-type=\"full\" ><div id=\"pgc-313-2-0\"  class=\"panel-grid-cell\" ><div id=\"panel-313-2-0-0\" class=\"so-panel widget widget_gallery-images panel-first-child panel-last-child\" data-index=\"8\" ><div class=\"panel-widget-style panel-widget-style-for-313-2-0-0\" ><div class=\"thim-widget-gallery-images thim-widget-gallery-images-base template-base\"><div class=\"thim-gallery-images-default number_cols_4 tCenter gallery-img\" data-column-slider=\"4\"><div class=\"item\" style=\"width:25%\"><img src =\"https:\/\/ec.prysmianpro.com\/wp-content\/uploads\/2023\/08\/prysmian-marca-1-150x150.png\" width=\"150\" height=\"150\" alt=\"\"\/><\/div><div class=\"item\" style=\"width:25%\"><img src =\"https:\/\/ec.prysmianpro.com\/wp-content\/uploads\/2023\/08\/draka-marca-1-150x150.png\" width=\"150\" height=\"150\" alt=\"\"\/><\/div><div class=\"item\" style=\"width:25%\"><img src =\"https:\/\/ec.prysmianpro.com\/wp-content\/uploads\/2023\/08\/general.cable_-1-150x150.png\" width=\"150\" height=\"150\" alt=\"\"\/><\/div><div class=\"item\" style=\"width:25%\"><img src =\"https:\/\/ec.prysmianpro.com\/wp-content\/uploads\/2021\/01\/PHELPS-DOLDGE.svg\"  alt=\"\"\/><\/div><\/div><\/div><\/div><\/div><\/div><\/div><\/div><div id=\"pg-313-3\"  class=\"panel-grid panel-no-style\" ><div id=\"pgc-313-3-0\"  class=\"panel-grid-cell\" ><div id=\"panel-313-3-0-0\" class=\"so-panel widget widget_empty-space panel-first-child panel-last-child\" data-index=\"9\" ><div class=\"thim-widget-empty-space thim-widget-empty-space-base template-base\"><div class=\"empty_space\" style=\"height:30px\"><\/div><\/div><\/div><\/div><\/div><\/div>","protected":false},"excerpt":{"rendered":"<p>Somos un l\u00edder mundial innovador en cables y soluciones de energ\u00eda y adem\u00e1s contamos con una presencia mundial impresionante. Abarcando [&hellip;]<\/p>","protected":false},"author":1,"featured_media":0,"parent":0,"menu_order":0,"comment_status":"closed","ping_status":"closed","template":"","meta":{"_bbp_topic_count":0,"_bbp_reply_count":0,"_bbp_total_topic_count":0,"_bbp_total_reply_count":0,"_bbp_voice_count":0,"_bbp_anonymous_reply_count":0,"_bbp_topic_count_hidden":0,"_bbp_reply_count_hidden":0,"_bbp_forum_subforum_count":0,"om_disable_all_campaigns":false,"inline_featured_image":false,"_uf_show_specific_survey":0,"_uf_disable_surveys":false,"footnotes":""},"class_list":["post-313","page","type-page","status-publish","hentry"],"acf":[],"aioseo_notices":[],"_links":{"self":[{"href":"https:\/\/ec.prysmianpro.com\/en\/wp-json\/wp\/v2\/pages\/313","targetHints":{"allow":["GET"]}}],"collection":[{"href":"https:\/\/ec.prysmianpro.com\/en\/wp-json\/wp\/v2\/pages"}],"about":[{"href":"https:\/\/ec.prysmianpro.com\/en\/wp-json\/wp\/v2\/types\/page"}],"author":[{"embeddable":true,"href":"https:\/\/ec.prysmianpro.com\/en\/wp-json\/wp\/v2\/users\/1"}],"replies":[{"embeddable":true,"href":"https:\/\/ec.prysmianpro.com\/en\/wp-json\/wp\/v2\/comments?post=313"}],"version-history":[{"count":102,"href":"https:\/\/ec.prysmianpro.com\/en\/wp-json\/wp\/v2\/pages\/313\/revisions"}],"predecessor-version":[{"id":18013,"href":"https:\/\/ec.prysmianpro.com\/en\/wp-json\/wp\/v2\/pages\/313\/revisions\/18013"}],"wp:attachment":[{"href":"https:\/\/ec.prysmianpro.com\/en\/wp-json\/wp\/v2\/media?parent=313"}],"curies":[{"name":"wp","href":"https:\/\/api.w.org\/{rel}","templated":true}]}}